{"id":307,"date":"2023-06-06T17:44:45","date_gmt":"2023-06-06T21:44:45","guid":{"rendered":"https:\/\/moreno.cl\/wordpress\/?page_id=307"},"modified":"2023-07-06T20:21:59","modified_gmt":"2023-07-07T00:21:59","slug":"especialidad-y-estudios","status":"publish","type":"page","link":"https:\/\/moreno.cl\/wordpress\/especialidad-y-estudios\/","title":{"rendered":"T\u00edtulos"},"content":{"rendered":"<div class=\"wp-block-image\">\n<figure class=\"aligncenter size-full\"><img loading=\"lazy\" decoding=\"async\" width=\"214\" height=\"211\" src=\"https:\/\/moreno.cl\/wordpress\/wp-content\/uploads\/2023\/06\/Tux-Futboll-80.jpg\" alt=\"\" class=\"wp-image-209\"\/><\/figure>\n<\/div>\n\n\n<p class=\"has-text-align-center\"><strong>ESPECIALIDAD Y ESTUDIOS<\/strong><\/p>\n\n\n\n<figure class=\"wp-block-table is-style-stripes\"><table><tbody><tr><td><strong>Magister en Ciencias de la Ingenier\u00eda<\/strong><\/td><td><em>Pontificia Universidad Cat\u00f3lica de Chile<\/em><\/td><td><strong>1996-1997<\/strong><\/td><\/tr><tr><td><strong>Ingeniero Civil Industrial en<\/strong><br><strong>Ingenier\u00eda de Computaci\u00f3n<\/strong><\/td><td><em>Pontificia Universidad Cat\u00f3lica de Chile<\/em><\/td><td><strong>1990-1996<\/strong><\/td><\/tr><tr><td><strong>International Baccalaurate<\/strong><\/td><td><em>The International School Nido de \u00c1guilas<\/em><\/td><td><strong>1990<\/strong><\/td><\/tr><\/tbody><\/table><\/figure>\n","protected":false},"excerpt":{"rendered":"<p>ESPECIALIDAD Y ESTUDIOS Magister en Ciencias de la Ingenier\u00eda Pontificia Universidad Cat\u00f3lica de Chile 1996-1997 Ingeniero Civil Industrial enIngenier\u00eda de Computaci\u00f3n Pontificia Universidad Cat\u00f3lica de Chile 1990-1996 International Baccalaurate The International School Nido de \u00c1guilas 1990<\/p>\n","protected":false},"author":1,"featured_media":245,"parent":0,"menu_order":0,"comment_status":"closed","ping_status":"closed","template":"","meta":{"om_disable_all_campaigns":false,"_monsterinsights_skip_tracking":false,"_monsterinsights_sitenote_active":false,"_monsterinsights_sitenote_note":"","_monsterinsights_sitenote_category":0,"footnotes":""},"class_list":["post-307","page","type-page","status-publish","has-post-thumbnail","hentry"],"aioseo_notices":[],"_links":{"self":[{"href":"https:\/\/moreno.cl\/wordpress\/wp-json\/wp\/v2\/pages\/307","targetHints":{"allow":["GET"]}}],"collection":[{"href":"https:\/\/moreno.cl\/wordpress\/wp-json\/wp\/v2\/pages"}],"about":[{"href":"https:\/\/moreno.cl\/wordpress\/wp-json\/wp\/v2\/types\/page"}],"author":[{"embeddable":true,"href":"https:\/\/moreno.cl\/wordpress\/wp-json\/wp\/v2\/users\/1"}],"replies":[{"embeddable":true,"href":"https:\/\/moreno.cl\/wordpress\/wp-json\/wp\/v2\/comments?post=307"}],"version-history":[{"count":5,"href":"https:\/\/moreno.cl\/wordpress\/wp-json\/wp\/v2\/pages\/307\/revisions"}],"predecessor-version":[{"id":424,"href":"https:\/\/moreno.cl\/wordpress\/wp-json\/wp\/v2\/pages\/307\/revisions\/424"}],"wp:featuredmedia":[{"embeddable":true,"href":"https:\/\/moreno.cl\/wordpress\/wp-json\/wp\/v2\/media\/245"}],"wp:attachment":[{"href":"https:\/\/moreno.cl\/wordpress\/wp-json\/wp\/v2\/media?parent=307"}],"curies":[{"name":"wp","href":"https:\/\/api.w.org\/{rel}","templated":true}]}}