{"id":302,"date":"2023-06-06T17:40:11","date_gmt":"2023-06-06T21:40:11","guid":{"rendered":"https:\/\/moreno.cl\/wordpress\/?page_id=302"},"modified":"2023-07-06T20:22:46","modified_gmt":"2023-07-07T00:22:46","slug":"inicio","status":"publish","type":"page","link":"https:\/\/moreno.cl\/wordpress\/","title":{"rendered":"INICIO"},"content":{"rendered":"\n<p class=\"has-text-align-center\"><strong><em>Pasi\u00f3n por optimizar, adaptar y organizar el \u00e1rea de Administraci\u00f3n, Finanzas y TI, con un claro enfoque en los resultados.<\/em><\/strong><\/p>\n\n\n\n<p class=\"has-text-align-center\"><strong><em>Aplicar Marketing, planificaci\u00f3n, an\u00e1lisis y resoluci\u00f3n de problemas.<\/em><\/strong><\/p>\n","protected":false},"excerpt":{"rendered":"<p>Pasi\u00f3n por optimizar, adaptar y organizar el \u00e1rea de Administraci\u00f3n, Finanzas y TI, con un claro enfoque en los resultados. Aplicar Marketing, planificaci\u00f3n, an\u00e1lisis y resoluci\u00f3n de problemas.<\/p>\n","protected":false},"author":1,"featured_media":278,"parent":0,"menu_order":0,"comment_status":"closed","ping_status":"closed","template":"","meta":{"om_disable_all_campaigns":false,"_monsterinsights_skip_tracking":false,"_monsterinsights_sitenote_active":false,"_monsterinsights_sitenote_note":"","_monsterinsights_sitenote_category":0,"footnotes":""},"class_list":["post-302","page","type-page","status-publish","has-post-thumbnail","hentry"],"aioseo_notices":[],"_links":{"self":[{"href":"https:\/\/moreno.cl\/wordpress\/wp-json\/wp\/v2\/pages\/302","targetHints":{"allow":["GET"]}}],"collection":[{"href":"https:\/\/moreno.cl\/wordpress\/wp-json\/wp\/v2\/pages"}],"about":[{"href":"https:\/\/moreno.cl\/wordpress\/wp-json\/wp\/v2\/types\/page"}],"author":[{"embeddable":true,"href":"https:\/\/moreno.cl\/wordpress\/wp-json\/wp\/v2\/users\/1"}],"replies":[{"embeddable":true,"href":"https:\/\/moreno.cl\/wordpress\/wp-json\/wp\/v2\/comments?post=302"}],"version-history":[{"count":4,"href":"https:\/\/moreno.cl\/wordpress\/wp-json\/wp\/v2\/pages\/302\/revisions"}],"predecessor-version":[{"id":427,"href":"https:\/\/moreno.cl\/wordpress\/wp-json\/wp\/v2\/pages\/302\/revisions\/427"}],"wp:featuredmedia":[{"embeddable":true,"href":"https:\/\/moreno.cl\/wordpress\/wp-json\/wp\/v2\/media\/278"}],"wp:attachment":[{"href":"https:\/\/moreno.cl\/wordpress\/wp-json\/wp\/v2\/media?parent=302"}],"curies":[{"name":"wp","href":"https:\/\/api.w.org\/{rel}","templated":true}]}}